{"id":157,"date":"2019-08-08T13:26:53","date_gmt":"2019-08-08T16:26:53","guid":{"rendered":"http:\/\/www.santainesdental.cl\/?page_id=157"},"modified":"2019-08-09T11:28:33","modified_gmt":"2019-08-09T14:28:33","slug":"nosotros","status":"publish","type":"page","link":"https:\/\/www.santainesdental.cl\/index.php\/nosotros\/","title":{"rendered":"Nosotros"},"content":{"rendered":"\n<p style=\"text-align:center\">Ubicados en la ciudad de Molina, estamos ubicados en <strong>CentroSalud<\/strong>, centro m\u00e9dico donde tambi\u00e9n se ubica el Laboratorio Alem\u00e1n, consultas m\u00e9dicas, entre otros servicios de salud. <\/p>\n\n\n\n<figure class=\"wp-block-image\"><img loading=\"lazy\" decoding=\"async\" width=\"1024\" height=\"683\" src=\"https:\/\/www.santainesdental.cl\/wp-content\/uploads\/2019\/08\/E108_1587-1024x683.jpg\" alt=\"\" class=\"wp-image-203\" srcset=\"https:\/\/www.santainesdental.cl\/wp-content\/uploads\/2019\/08\/E108_1587-1024x683.jpg 1024w, https:\/\/www.santainesdental.cl\/wp-content\/uploads\/2019\/08\/E108_1587-300x200.jpg 300w, https:\/\/www.santainesdental.cl\/wp-content\/uploads\/2019\/08\/E108_1587-768x512.jpg 768w\" sizes=\"auto, (max-width: 1024px) 100vw, 1024px\" \/><\/figure>\n\n\n\n<p style=\"text-align:center\">Liderados por el <strong>Dr. Jorge Montes Carrillo<\/strong>, cirujano dentista egresado de la Universidad de Talca en 2003, actualmente Santa In\u00e9s es un equipo de cirujanos dentistas especializados en las distintas \u00e1reas de la salud dental para toda la familia. Adem\u00e1s, contamos con un equipo de colaboradoras siempre dispuestas a resolver dudas y apoyar la funci\u00f3n de nuestros odont\u00f3logos.<\/p>\n\n\n\n<ul class=\"wp-block-gallery columns-3 is-cropped wp-block-gallery-1 is-layout-flex wp-block-gallery-is-layout-flex\"><li class=\"blocks-gallery-item\"><figure><img loading=\"lazy\" decoding=\"async\" width=\"1024\" height=\"683\" src=\"https:\/\/www.santainesdental.cl\/wp-content\/uploads\/2019\/08\/E108_1512-1024x683.jpg\" alt=\"\" data-id=\"175\" data-link=\"https:\/\/www.santainesdental.cl\/index.php\/nosotros\/e108_1512\/#main\" class=\"wp-image-175\" srcset=\"https:\/\/www.santainesdental.cl\/wp-content\/uploads\/2019\/08\/E108_1512-1024x683.jpg 1024w, https:\/\/www.santainesdental.cl\/wp-content\/uploads\/2019\/08\/E108_1512-300x200.jpg 300w, https:\/\/www.santainesdental.cl\/wp-content\/uploads\/2019\/08\/E108_1512-768x512.jpg 768w\" sizes=\"auto, (max-width: 1024px) 100vw, 1024px\" \/><\/figure><\/li><li class=\"blocks-gallery-item\"><figure><img loading=\"lazy\" decoding=\"async\" width=\"1024\" height=\"683\" src=\"https:\/\/www.santainesdental.cl\/wp-content\/uploads\/2019\/07\/E108_1552-1024x683.jpg\" alt=\"\" data-id=\"86\" data-link=\"https:\/\/www.santainesdental.cl\/index.php\/inicio\/e108_1552\/#main\" class=\"wp-image-86\" srcset=\"https:\/\/www.santainesdental.cl\/wp-content\/uploads\/2019\/07\/E108_1552-1024x683.jpg 1024w, https:\/\/www.santainesdental.cl\/wp-content\/uploads\/2019\/07\/E108_1552-300x200.jpg 300w, https:\/\/www.santainesdental.cl\/wp-content\/uploads\/2019\/07\/E108_1552-768x512.jpg 768w, https:\/\/www.santainesdental.cl\/wp-content\/uploads\/2019\/07\/E108_1552-720x480.jpg 720w, https:\/\/www.santainesdental.cl\/wp-content\/uploads\/2019\/07\/E108_1552-1280x853.jpg 1280w, https:\/\/www.santainesdental.cl\/wp-content\/uploads\/2019\/07\/E108_1552-1600x1067.jpg 1600w\" sizes=\"auto, (max-width: 1024px) 100vw, 1024px\" \/><\/figure><\/li><li class=\"blocks-gallery-item\"><figure><img loading=\"lazy\" decoding=\"async\" width=\"1024\" height=\"683\" src=\"https:\/\/www.santainesdental.cl\/wp-content\/uploads\/2019\/07\/Flores-mirando-radiografia-con-paciene-1024x683.jpg\" alt=\"\" data-id=\"87\" data-link=\"https:\/\/www.santainesdental.cl\/index.php\/inicio\/flores-mirando-radiografia-con-paciene\/#main\" class=\"wp-image-87\" srcset=\"https:\/\/www.santainesdental.cl\/wp-content\/uploads\/2019\/07\/Flores-mirando-radiografia-con-paciene-1024x683.jpg 1024w, https:\/\/www.santainesdental.cl\/wp-content\/uploads\/2019\/07\/Flores-mirando-radiografia-con-paciene-300x200.jpg 300w, https:\/\/www.santainesdental.cl\/wp-content\/uploads\/2019\/07\/Flores-mirando-radiografia-con-paciene-768x512.jpg 768w, https:\/\/www.santainesdental.cl\/wp-content\/uploads\/2019\/07\/Flores-mirando-radiografia-con-paciene-720x480.jpg 720w, https:\/\/www.santainesdental.cl\/wp-content\/uploads\/2019\/07\/Flores-mirando-radiografia-con-paciene-1280x853.jpg 1280w, https:\/\/www.santainesdental.cl\/wp-content\/uploads\/2019\/07\/Flores-mirando-radiografia-con-paciene-1600x1067.jpg 1600w\" sizes=\"auto, (max-width: 1024px) 100vw, 1024px\" \/><\/figure><\/li><li class=\"blocks-gallery-item\"><figure><img loading=\"lazy\" decoding=\"async\" width=\"1024\" height=\"683\" src=\"https:\/\/www.santainesdental.cl\/wp-content\/uploads\/2019\/08\/E108_1502-1024x683.jpg\" alt=\"\" data-id=\"204\" data-link=\"https:\/\/www.santainesdental.cl\/index.php\/nosotros\/e108_1502\/#main\" class=\"wp-image-204\" srcset=\"https:\/\/www.santainesdental.cl\/wp-content\/uploads\/2019\/08\/E108_1502-1024x683.jpg 1024w, https:\/\/www.santainesdental.cl\/wp-content\/uploads\/2019\/08\/E108_1502-300x200.jpg 300w, https:\/\/www.santainesdental.cl\/wp-content\/uploads\/2019\/08\/E108_1502-768x512.jpg 768w\" sizes=\"auto, (max-width: 1024px) 100vw, 1024px\" \/><\/figure><\/li><li class=\"blocks-gallery-item\"><figure><img loading=\"lazy\" decoding=\"async\" width=\"1024\" height=\"768\" src=\"https:\/\/www.santainesdental.cl\/wp-content\/uploads\/2019\/08\/IMG_7366-1024x768.jpg\" alt=\"\" data-id=\"239\" data-link=\"https:\/\/www.santainesdental.cl\/index.php\/nosotros\/img_7366\/#main\" class=\"wp-image-239\" srcset=\"https:\/\/www.santainesdental.cl\/wp-content\/uploads\/2019\/08\/IMG_7366-1024x768.jpg 1024w, https:\/\/www.santainesdental.cl\/wp-content\/uploads\/2019\/08\/IMG_7366-300x225.jpg 300w, https:\/\/www.santainesdental.cl\/wp-content\/uploads\/2019\/08\/IMG_7366-768x576.jpg 768w\" sizes=\"auto, (max-width: 1024px) 100vw, 1024px\" \/><\/figure><\/li><li class=\"blocks-gallery-item\"><figure><img loading=\"lazy\" decoding=\"async\" width=\"1024\" height=\"768\" src=\"https:\/\/www.santainesdental.cl\/wp-content\/uploads\/2019\/08\/DSC00105-2-1024x768.jpg\" alt=\"\" data-id=\"259\" data-link=\"https:\/\/www.santainesdental.cl\/index.php\/nosotros\/dsc00105-2\/#main\" class=\"wp-image-259\" srcset=\"https:\/\/www.santainesdental.cl\/wp-content\/uploads\/2019\/08\/DSC00105-2-1024x768.jpg 1024w, https:\/\/www.santainesdental.cl\/wp-content\/uploads\/2019\/08\/DSC00105-2-300x225.jpg 300w, https:\/\/www.santainesdental.cl\/wp-content\/uploads\/2019\/08\/DSC00105-2-768x576.jpg 768w\" sizes=\"auto, (max-width: 1024px) 100vw, 1024px\" \/><\/figure><\/li><\/ul>\n\n\n\n<p style=\"text-align:center\">Trabajamos en equipo para resolver casos de todos los grados de dificultad, otorgando una atenci\u00f3n eficiente y cordial. Te ofrecemos alternativas de tratamientos modernos y de alta tecnolog\u00eda, as\u00ed como distintas modalidades y facilidades de pago. Cons\u00faltanos!<\/p>\n\n\n\n<p style=\"text-align:center\">Queremos que le pierdas el miedo al dentista y puedes realizarte el tratamiento que has postergado hace tiempo.<strong> Nos preocupamos de hacerte sentir bien, libre de dolor y ansiedad.<\/strong><\/p>\n\n\n\n<figure class=\"wp-block-image\"><img loading=\"lazy\" decoding=\"async\" width=\"1024\" height=\"683\" src=\"https:\/\/www.santainesdental.cl\/wp-content\/uploads\/2019\/08\/E108_1521-1024x683.jpg\" alt=\"\" class=\"wp-image-177\" srcset=\"https:\/\/www.santainesdental.cl\/wp-content\/uploads\/2019\/08\/E108_1521-1024x683.jpg 1024w, https:\/\/www.santainesdental.cl\/wp-content\/uploads\/2019\/08\/E108_1521-300x200.jpg 300w, https:\/\/www.santainesdental.cl\/wp-content\/uploads\/2019\/08\/E108_1521-768x512.jpg 768w\" sizes=\"auto, (max-width: 1024px) 100vw, 1024px\" \/><\/figure>\n","protected":false},"excerpt":{"rendered":"<p>Ubicados en la ciudad de Molina, estamos ubicados en CentroSalud, centro m\u00e9dico donde tambi\u00e9n se ubica el Laboratorio Alem\u00e1n, consultas m\u00e9dicas, entre otros servicios de salud. Liderados por el Dr. Jorge Montes Carrillo, cirujano dentista egresado de la Universidad de&hellip; <a href=\"https:\/\/www.santainesdental.cl\/index.php\/nosotros\/\" class=\"more-link\">Continuar leyendo <span class=\"meta-nav\">&rarr;<\/span><\/a><\/p>\n","protected":false},"author":1,"featured_media":0,"parent":0,"menu_order":0,"comment_status":"closed","ping_status":"closed","template":"","meta":{"footnotes":""},"class_list":["post-157","page","type-page","status-publish","hentry"],"_links":{"self":[{"href":"https:\/\/www.santainesdental.cl\/index.php\/wp-json\/wp\/v2\/pages\/157","targetHints":{"allow":["GET"]}}],"collection":[{"href":"https:\/\/www.santainesdental.cl\/index.php\/wp-json\/wp\/v2\/pages"}],"about":[{"href":"https:\/\/www.santainesdental.cl\/index.php\/wp-json\/wp\/v2\/types\/page"}],"author":[{"embeddable":true,"href":"https:\/\/www.santainesdental.cl\/index.php\/wp-json\/wp\/v2\/users\/1"}],"replies":[{"embeddable":true,"href":"https:\/\/www.santainesdental.cl\/index.php\/wp-json\/wp\/v2\/comments?post=157"}],"version-history":[{"count":9,"href":"https:\/\/www.santainesdental.cl\/index.php\/wp-json\/wp\/v2\/pages\/157\/revisions"}],"predecessor-version":[{"id":261,"href":"https:\/\/www.santainesdental.cl\/index.php\/wp-json\/wp\/v2\/pages\/157\/revisions\/261"}],"wp:attachment":[{"href":"https:\/\/www.santainesdental.cl\/index.php\/wp-json\/wp\/v2\/media?parent=157"}],"curies":[{"name":"wp","href":"https:\/\/api.w.org\/{rel}","templated":true}]}}